
{"id":9,"date":"2015-08-05T21:17:15","date_gmt":"2015-08-05T21:17:15","guid":{"rendered":"http:\/\/pixelgrapes.com\/demo\/appstack\/?page_id=9"},"modified":"2016-11-01T09:36:20","modified_gmt":"2016-11-01T08:36:20","slug":"main-page","status":"publish","type":"page","link":"https:\/\/www.capatch.com\/fr\/","title":{"rendered":"Testeurs volum\u00e9triques jetables destin\u00e9s aux cylindres tram\u00e9s, cylindres d\u2019enduction et cylindres avec trame h\u00e9lico\u00efdale"},"content":{"rendered":"","protected":false},"excerpt":{"rendered":"","protected":false},"author":1,"featured_media":1267,"parent":0,"menu_order":0,"comment_status":"closed","ping_status":"closed","template":"","meta":{"footnotes":""},"aioseo_notices":[],"_links":{"self":[{"href":"https:\/\/www.capatch.com\/fr\/wp-json\/wp\/v2\/pages\/9"}],"collection":[{"href":"https:\/\/www.capatch.com\/fr\/wp-json\/wp\/v2\/pages"}],"about":[{"href":"https:\/\/www.capatch.com\/fr\/wp-json\/wp\/v2\/types\/page"}],"author":[{"embeddable":true,"href":"https:\/\/www.capatch.com\/fr\/wp-json\/wp\/v2\/users\/1"}],"replies":[{"embeddable":true,"href":"https:\/\/www.capatch.com\/fr\/wp-json\/wp\/v2\/comments?post=9"}],"version-history":[{"count":152,"href":"https:\/\/www.capatch.com\/fr\/wp-json\/wp\/v2\/pages\/9\/revisions"}],"predecessor-version":[{"id":1372,"href":"https:\/\/www.capatch.com\/fr\/wp-json\/wp\/v2\/pages\/9\/revisions\/1372"}],"wp:featuredmedia":[{"embeddable":true,"href":"https:\/\/www.capatch.com\/fr\/wp-json\/wp\/v2\/media\/1267"}],"wp:attachment":[{"href":"https:\/\/www.capatch.com\/fr\/wp-json\/wp\/v2\/media?parent=9"}],"curies":[{"name":"wp","href":"https:\/\/api.w.org\/{rel}","templated":true}]}}